{"id":2,"date":"2025-04-22T23:29:20","date_gmt":"2025-04-22T21:29:20","guid":{"rendered":"http:\/\/bezaiwp68.you2.pl\/?page_id=2"},"modified":"2026-04-02T22:16:49","modified_gmt":"2026-04-02T20:16:49","slug":"przykladowa-strona","status":"publish","type":"page","link":"https:\/\/chorostowska-art.dkonto.pl\/index.php\/przykladowa-strona\/","title":{"rendered":"O mnie"},"content":{"rendered":"<div class=\"et_pb_section_0 et_pb_section et_section_regular et_block_section\">\n<div class=\"et_pb_row_0 et_pb_row et_flex_row\">\n<div class=\"et_pb_column_0 et_pb_column et-last-child et_flex_column et_pb_css_mix_blend_mode_passthrough et_flex_column_24_24 et_flex_column_24_24_tablet et_flex_column_24_24_phone\">\n<div class=\"et_pb_heading_0 et_pb_heading et_pb_module et_flex_module\"><div class=\"et_pb_heading_container\"><h1 class=\"et_pb_module_header\">Odkryj wyj\u0105tkow\u0105 sztuk\u0119<\/h1><\/div><\/div>\n\n<div class=\"et_pb_text_0 et_pb_text et_pb_bg_layout_light et_pb_module et_flex_module\"><div class=\"et_pb_text_inner\"><p><span>mi\u0119dzy \u015bwiat\u0142em a cisz\u0105<\/span><\/p>\n<\/div><\/div>\n<\/div>\n<\/div>\n<\/div>\n\n<div class=\"et_pb_section_1 et_pb_section et_section_regular et_flex_section\">\n<div class=\"et_pb_row_1 et_pb_row et_flex_row\">\n<div class=\"et_pb_column_1 et_pb_column et_flex_column et_pb_css_mix_blend_mode_passthrough et_flex_column_3_5 et_flex_column_3_5_tablet et_flex_column_24_24_phone\">\n<div class=\"et_pb_heading_1 et_pb_heading et_pb_module et_flex_module\"><div class=\"et_pb_heading_container\"><h1 class=\"et_pb_module_header\">O mnie<\/h1><\/div><\/div>\n\n<div class=\"et_pb_text_1 et_pb_text et_pb_bg_layout_light et_pb_module et_flex_module\"><div class=\"et_pb_text_inner\"><div id=\"page-zones__main-widgets__698e32fbabd89-widgets__698e32fbae6cd-zones__698e32fbaf451-widgets__698e32fbafca7\" data-name=\"contentgroup\" class=\"widget widget--zone-widget js-widget\" data-uniqueid=\"5HA6BUagecF9Sqi\" data-parentuniqueid=\"iMxIoPGNOEt5W8M\">\n<div class=\"widget__contentgroup contentgroup  contentgroup--left contentgroup--regular \">\n<div class=\"contentgroup__content\">\n<div class=\"contentgroup__body-wrapper\">\n<div class=\"contentgroup__text-wrapper\">\n<p class=\"contentgroup__body  \">W swojej tw\u00f3rczo\u015bci odnajduj\u0119 inspiracj\u0119 w naturze, w \u015bwietle, horyzontach i nieustannym ruchu \u015bwiata. Moje obrazy s\u0105 pr\u00f3b\u0105 uchwycenia \u017cywio\u0142\u00f3w oraz emocji, kt\u00f3re kryj\u0105 si\u0119 mi\u0119dzy kolorem a przestrzeni\u0105. Poprzez malarstwo wyra\u017cam energi\u0119 natury, zamykaj\u0105c j\u0105 w abstrakcyjnych formach.<\/p>\n<p class=\"contentgroup__body  \">\n<\/div>\n<\/div>\n<\/div>\n<\/div>\n<\/div>\n<div id=\"page-zones__main-widgets__698e32fbabd89-widgets__698e32fbae6cd-zones__698e32fbaf451-widgets__698e32fbb3dde\" data-name=\"content\" class=\"widget widget--zone-widget js-widget\" data-uniqueid=\"fUfPZ5IyzAJEt63\" data-parentuniqueid=\"iMxIoPGNOEt5W8M\">\n<blockquote>\n<div class=\"bk-content-text  content  widget__content    wysihtml-editor-content\" itemscope=\"\" itemtype=\"https:\/\/schema.org\/WebPage\"><span class=\"js-text-content content-block\" itemprop=\"mainContentOfPage\" itemscope=\"\" itemtype=\"https:\/\/schema.org\/WebPageElement\">\" Na pocz\u0105tku podchodzi\u0142am do malarstwa z niepewno\u015bci\u0105, dzi\u015b jest ono dla mnie przestrzeni\u0105 spokoju i nieko\u0144cz\u0105cej si\u0119 inspiracji. Ka\u017cdy obraz sta\u0142 si\u0119 transformuj\u0105c\u0105 podr\u00f3\u017c\u0105, w kt\u00f3rej odnajduj\u0119 rytm natury i w\u0142asne emocje. \"<\/span><\/div>\n<\/blockquote>\n<\/div>\n<\/div><\/div>\n\n<div class=\"et_pb_text_2 et_pb_text et_pb_bg_layout_light et_pb_module et_flex_module\"><div class=\"et_pb_text_inner\"><div class=\"contentgroup__image-wrapper \">\n<div class=\"bk-image  imagewidget  widget__imagewidget  widget-align-left  \"><span style=\"font-size: 14px;\">\u00a0Paulina Chorostowska<\/span><\/div>\n<\/div>\n<\/div><\/div>\n<\/div>\n\n<div class=\"et_pb_column_2 et_pb_column et-last-child et_flex_column et_pb_css_mix_blend_mode_passthrough et_flex_column_2_5 et_flex_column_2_5_tablet et_flex_column_24_24_phone\">\n<div class=\"et_pb_image_0 et_pb_image et_pb_module et_flex_module\"><span class=\"et_pb_image_wrap\"><img loading=\"lazy\" decoding=\"async\" src=\"http:\/\/chorostowska-art.dkonto.pl\/wp-content\/uploads\/2026\/03\/start-dlon-scaled.jpeg\" title=\"start-dlon\" width=\"1921\" height=\"2560\" srcset=\"http:\/\/chorostowska-art.dkonto.pl\/wp-content\/uploads\/2026\/03\/start-dlon-scaled.jpeg 1921w, http:\/\/chorostowska-art.dkonto.pl\/wp-content\/uploads\/2026\/03\/start-dlon-1280x1706.jpeg 1280w, http:\/\/chorostowska-art.dkonto.pl\/wp-content\/uploads\/2026\/03\/start-dlon-980x1306.jpeg 980w, http:\/\/chorostowska-art.dkonto.pl\/wp-content\/uploads\/2026\/03\/start-dlon-480x640.jpeg 480w\" sizes=\"(min-width: 0px) and (max-width: 480px) 480px, (min-width: 481px) and (max-width: 980px) 980px, (min-width: 981px) and (max-width: 1280px) 1280px, (min-width: 1281px) 1921px, 100vw\" class=\"wp-image-20\" \/><\/span><\/div>\n<\/div>\n<\/div>\n<\/div>","protected":false},"excerpt":{"rendered":"","protected":false},"author":1,"featured_media":0,"parent":0,"menu_order":0,"comment_status":"closed","ping_status":"open","template":"","meta":{"footnotes":""},"class_list":["post-2","page","type-page","status-publish","hentry"],"_links":{"self":[{"href":"https:\/\/chorostowska-art.dkonto.pl\/index.php\/wp-json\/wp\/v2\/pages\/2","targetHints":{"allow":["GET"]}}],"collection":[{"href":"https:\/\/chorostowska-art.dkonto.pl\/index.php\/wp-json\/wp\/v2\/pages"}],"about":[{"href":"https:\/\/chorostowska-art.dkonto.pl\/index.php\/wp-json\/wp\/v2\/types\/page"}],"author":[{"embeddable":true,"href":"https:\/\/chorostowska-art.dkonto.pl\/index.php\/wp-json\/wp\/v2\/users\/1"}],"replies":[{"embeddable":true,"href":"https:\/\/chorostowska-art.dkonto.pl\/index.php\/wp-json\/wp\/v2\/comments?post=2"}],"version-history":[{"count":5,"href":"https:\/\/chorostowska-art.dkonto.pl\/index.php\/wp-json\/wp\/v2\/pages\/2\/revisions"}],"predecessor-version":[{"id":24,"href":"https:\/\/chorostowska-art.dkonto.pl\/index.php\/wp-json\/wp\/v2\/pages\/2\/revisions\/24"}],"wp:attachment":[{"href":"https:\/\/chorostowska-art.dkonto.pl\/index.php\/wp-json\/wp\/v2\/media?parent=2"}],"curies":[{"name":"wp","href":"https:\/\/api.w.org\/{rel}","templated":true}]}}